{"id":2198,"date":"2017-04-10T13:04:09","date_gmt":"2017-04-10T13:04:09","guid":{"rendered":"https:\/\/demo.helping-minds.org\/contact\/"},"modified":"2023-01-24T12:42:21","modified_gmt":"2023-01-24T12:42:21","slug":"contact","status":"publish","type":"page","link":"https:\/\/demo.helping-minds.org\/de\/contact\/","title":{"rendered":"Kontakt"},"content":{"rendered":"<p>[vc_row][vc_column width=&#8220;1\/2&#8243; css=&#8220;.vc_custom_1467214267244{padding-top: 10px !important;padding-bottom: 10px !important;}&#8220;][nd_options_spacer nd_options_height=&#8220;20&#8243;][nd_options_text nd_options_text_tag=&#8220;h3&#8243; nd_options_text_weight=&#8220;normal&#8220; nd_options_text_family=&#8220;nd_options_first_font&#8220; nd_options_text=&#8220;Kontaktieren Sie uns&#8220; nd_options_text_font_size=&#8220;20&#8243; nd_options_text_line_height=&#8220;20&#8243;][nd_options_spacer nd_options_height=&#8220;20&#8243;][vc_column_text]Wenn Sie sich an einem unserer Wohlt\u00e4tigkeitsprojekte beteiligen oder mit der Helping Minds Foundation zusammenarbeiten m\u00f6chten, z\u00f6gern Sie bitte nicht uns zu kontaktieren.[\/vc_column_text][nd_options_spacer nd_options_height=&#8220;20&#8243;][nd_options_cf7 nd_options_layout=&#8220;layout-2&#8243; nd_options_cf7=&#8220;2350&#8243; nd_options_fields_full_width=&#8220;1&#8243;][\/vc_column][vc_column width=&#8220;1\/2&#8243; css=&#8220;.vc_custom_1467214272039{padding-top: 10px !important;padding-bottom: 10px !important;}&#8220;][nd_options_spacer nd_options_height=&#8220;20&#8243;][nd_options_text nd_options_text_tag=&#8220;h3&#8243; nd_options_text_weight=&#8220;normal&#8220; nd_options_text_family=&#8220;nd_options_first_font&#8220; nd_options_text=&#8220;ADRESSE:&#8220; nd_options_text_font_size=&#8220;20&#8243; nd_options_text_line_height=&#8220;20&#8243;][nd_options_spacer nd_options_height=&#8220;20&#8243;][vc_row_inner el_class=&#8220;contact_address&#8220;][vc_column_inner][vc_column_text]Helping Minds Foundation<br \/>\n2\/2053 Church Road,<br \/>\nThundathil P.O, Karyavattom,<br \/>\nThiruvananthapuram, Kerala,<br \/>\nIndien 695581[\/vc_column_text][\/vc_column_inner][\/vc_row_inner][nd_options_text nd_options_text_tag=&#8220;h3&#8243; nd_options_text_weight=&#8220;lighter&#8220; nd_options_text_family=&#8220;nd_options_first_font&#8220; nd_options_text=&#8220;+91 471 2700615&#8243; nd_options_text_font_size=&#8220;15&#8243; nd_options_text_line_height=&#8220;20&#8243; nd_options_text_color=&#8220;#a3a3a3&#8243; nd_options_text_letter_spacing=&#8220;2&#8243;][nd_options_text nd_options_text_tag=&#8220;h3&#8243; nd_options_text_weight=&#8220;lighter&#8220; nd_options_text_family=&#8220;nd_options_first_font&#8220; nd_options_text=&#8220;contact@demo.helping-minds.org&#8220; nd_options_text_font_size=&#8220;15&#8243; nd_options_text_line_height=&#8220;20&#8243; nd_options_text_color=&#8220;#a3a3a3&#8243; nd_options_text_letter_spacing=&#8220;0&#8243; nd_options_class=&#8220;cntct_email&#8220;][\/vc_column][\/vc_row]<\/p>\n","protected":false},"excerpt":{"rendered":"<p>[vc_row][vc_column width=&#8220;1\/2&#8243; css=&#8220;.vc_custom_1467214267244{padding-top: 10px !important;padding-bottom: 10px !important;}&#8220;][nd_options_spacer nd_options_height=&#8220;20&#8243;][nd_options_text nd_options_text_tag=&#8220;h3&#8243; nd_options_text_weight=&#8220;normal&#8220; nd_options_text_family=&#8220;nd_options_first_font&#8220; nd_options_text=&#8220;Kontaktieren Sie uns&#8220; nd_options_text_font_size=&#8220;20&#8243; nd_options_text_line_height=&#8220;20&#8243;][nd_options_spacer nd_options_height=&#8220;20&#8243;][vc_column_text]Wenn Sie sich an einem unserer Wohlt\u00e4tigkeitsprojekte beteiligen oder mit der Helping Minds Foundation zusammenarbeiten m\u00f6chten, z\u00f6gern Sie bitte nicht uns zu kontaktieren.[\/vc_column_text][nd_options_spacer nd_options_height=&#8220;20&#8243;][nd_options_cf7 nd_options_layout=&#8220;layout-2&#8243; nd_options_cf7=&#8220;2350&#8243; nd_options_fields_full_width=&#8220;1&#8243;][\/vc_column][vc_column width=&#8220;1\/2&#8243; css=&#8220;.vc_custom_1467214272039{padding-top: 10px !important;padding-bottom: 10px !important;}&#8220;][nd_options_spacer nd_options_height=&#8220;20&#8243;][nd_options_text nd_options_text_tag=&#8220;h3&#8243; nd_options_text_weight=&#8220;normal&#8220; nd_options_text_family=&#8220;nd_options_first_font&#8220; nd_options_text=&#8220;ADRESSE:&#8220; nd_options_text_font_size=&#8220;20&#8243; [&hellip;]<\/p>\n","protected":false},"author":1,"featured_media":0,"parent":0,"menu_order":0,"comment_status":"closed","ping_status":"closed","template":"","meta":{"footnotes":""},"_links":{"self":[{"href":"https:\/\/demo.helping-minds.org\/de\/wp-json\/wp\/v2\/pages\/2198"}],"collection":[{"href":"https:\/\/demo.helping-minds.org\/de\/wp-json\/wp\/v2\/pages"}],"about":[{"href":"https:\/\/demo.helping-minds.org\/de\/wp-json\/wp\/v2\/types\/page"}],"author":[{"embeddable":true,"href":"https:\/\/demo.helping-minds.org\/de\/wp-json\/wp\/v2\/users\/1"}],"replies":[{"embeddable":true,"href":"https:\/\/demo.helping-minds.org\/de\/wp-json\/wp\/v2\/comments?post=2198"}],"version-history":[{"count":8,"href":"https:\/\/demo.helping-minds.org\/de\/wp-json\/wp\/v2\/pages\/2198\/revisions"}],"predecessor-version":[{"id":2444,"href":"https:\/\/demo.helping-minds.org\/de\/wp-json\/wp\/v2\/pages\/2198\/revisions\/2444"}],"wp:attachment":[{"href":"https:\/\/demo.helping-minds.org\/de\/wp-json\/wp\/v2\/media?parent=2198"}],"curies":[{"name":"wp","href":"https:\/\/api.w.org\/{rel}","templated":true}]}}